{"id":82,"date":"2020-10-05T12:38:09","date_gmt":"2020-10-05T10:38:09","guid":{"rendered":"https:\/\/www.alusolar.com.tn\/services\/"},"modified":"2025-06-24T12:47:08","modified_gmt":"2025-06-24T10:47:08","slug":"services","status":"publish","type":"page","link":"https:\/\/www.alusolar.com.tn\/fr\/services\/","title":{"rendered":"Services"},"content":{"rendered":"\t\t<div data-elementor-type=\"wp-page\" data-elementor-id=\"82\" class=\"elementor elementor-82\">\n\t\t\t\t\t\t\t\t\t<section class=\"elementor-section elementor-top-section elementor-element elementor-element-d3b737e elementor-section-boxed elementor-section-height-default elementor-section-height-default wpr-particle-no wpr-jarallax-no wpr-parallax-no wpr-sticky-section-no\" data-id=\"d3b737e\" data-element_type=\"section\" data-settings=\"{&quot;background_background&quot;:&quot;classic&quot;}\">\n\t\t\t\t\t\t<div class=\"elementor-container elementor-column-gap-no\">\n\t\t\t\t\t<div class=\"aux-parallax-section elementor-column elementor-col-100 elementor-top-column elementor-element elementor-element-993b03a\" data-id=\"993b03a\" data-element_type=\"column\">\n\t\t\t<div class=\"elementor-widget-wrap elementor-element-populated\">\n\t\t\t\t\t\t\t\t<div class=\"elementor-element elementor-element-1f4c852 aux-appear-watch-animation aux-scale-down-1 elementor-widget elementor-widget-aux_modern_heading\" data-id=\"1f4c852\" data-element_type=\"widget\" data-widget_type=\"aux_modern_heading.default\">\n\t\t\t\t<div class=\"elementor-widget-container\">\n\t\t\t<section class=\"aux-widget-modern-heading\">\n            <div class=\"aux-widget-inner\"><h5 class=\"aux-modern-heading-primary\">Nos services<\/h5><h3 class=\"aux-modern-heading-secondary\"><span class=\"aux-head-before\">Des Experts<\/span><span class=\"aux-head-highlight\"> \u00e0 votre Service\u2026 <\/span><\/h3><div class=\"aux-modern-heading-divider\"><\/div><\/div>\n        <\/section>\t\t<\/div>\n\t\t\t\t<\/div>\n\t\t\t\t\t<\/div>\n\t\t<\/div>\n\t\t\t\t\t\t\t<\/div>\n\t\t<\/section>\n\t\t\t\t<section class=\"elementor-section elementor-top-section elementor-element elementor-element-f034bf8 elementor-section-boxed elementor-section-height-default elementor-section-height-default wpr-particle-no wpr-jarallax-no wpr-parallax-no wpr-sticky-section-no\" data-id=\"f034bf8\" data-element_type=\"section\">\n\t\t\t\t\t\t<div class=\"elementor-container elementor-column-gap-no\">\n\t\t\t\t\t<div class=\"aux-parallax-section elementor-column elementor-col-33 elementor-top-column elementor-element elementor-element-edc6439\" data-id=\"edc6439\" data-element_type=\"column\">\n\t\t\t<div class=\"elementor-widget-wrap elementor-element-populated\">\n\t\t\t\t\t\t\t\t<div class=\"elementor-element elementor-element-464b5ac aux-appear-watch-animation aux-fade-in-left-1 elementor-widget elementor-widget-aux_text\" data-id=\"464b5ac\" data-element_type=\"widget\" data-widget_type=\"aux_text.default\">\n\t\t\t\t<div class=\"elementor-widget-container\">\n\t\t\t<section class=\"widget-container aux-widget-text aux-parent-au07c18490\">        <div class=\"aux-widget-advanced-text aux-wrap-style-simple aux-ico-pos-top aux-text-left aux-text-resp- aux-text-color-dark aux-text-widget-bg-center  \" >\n        \n                            <div class=\"aux-text-widget-header \"  >\n                        <div class=\"aux-ico-box aux-ico-large aux-ico-shape-circle aux-ico-clear \">\n                                                            <span class=\"aux-ico auxicon auxicon-idea\" > <\/span>\n                                                    <\/div>\n                <\/div>\n            \n            <div class=\"aux-text-inner aux-text-widget-content\">\n                                <h4 class=\"col-title\">Id\u00e9es &amp; Conseils<\/h4>\n                                <div class=\"widget-content\">\n                                        <p align=\"left\">Alu Solar met \u00e0 votre disposition une \u00e9quipe passionn\u00e9e afin de vous conseiller et trouver les \nsolutions les plus adapt\u00e9es \u00e0 vos besoins\u2026 <\/p>                <\/div>\n                            <\/div>\n        <\/div>\n                    <div class=\"aux-text-widget-footer\">\n                <div class=\"aux-border-shape-none \">\n                                <\/div>\n            <\/div>\n        \n<\/section><!-- widget-container -->\t\t<\/div>\n\t\t\t\t<\/div>\n\t\t\t\t<div class=\"elementor-element elementor-element-c70b94a aux-appear-watch-animation aux-fade-in-left-1 elementor-widget elementor-widget-aux_text\" data-id=\"c70b94a\" data-element_type=\"widget\" data-widget_type=\"aux_text.default\">\n\t\t\t\t<div class=\"elementor-widget-container\">\n\t\t\t<section class=\"widget-container aux-widget-text aux-parent-au58b730ba\">        <div class=\"aux-widget-advanced-text aux-wrap-style-simple aux-ico-pos-top aux-text-left aux-text-resp- aux-text-color-dark aux-text-widget-bg-center  \" >\n        \n                            <div class=\"aux-text-widget-header \"  >\n                        <div class=\"aux-ico-box aux-ico-large aux-ico-shape-circle aux-ico-clear \">\n                                                            <span class=\"aux-ico auxicon auxicon-laptop-macbook-streamline\" > <\/span>\n                                                    <\/div>\n                <\/div>\n            \n            <div class=\"aux-text-inner aux-text-widget-content\">\n                                <h4 class=\"col-title\">Produits personnalis\u00e9s  &amp; Sur-Mesure<\/h4>\n                                <div class=\"widget-content\">\n                                        <p align=\"left\">Alu Solar s\u2019engage \u00e0 mettre \u00e0 votre disposition toute sa collection de produits haut de gamme avec \ndes conceptions personnalis\u00e9es et sur-mesure en fonction de votre projet\u2026<\/p>                <\/div>\n                            <\/div>\n        <\/div>\n                    <div class=\"aux-text-widget-footer\">\n                <div class=\"aux-border-shape-none \">\n                                <\/div>\n            <\/div>\n        \n<\/section><!-- widget-container -->\t\t<\/div>\n\t\t\t\t<\/div>\n\t\t\t\t\t<\/div>\n\t\t<\/div>\n\t\t\t\t<div class=\"aux-parallax-section elementor-column elementor-col-33 elementor-top-column elementor-element elementor-element-3adec99\" data-id=\"3adec99\" data-element_type=\"column\">\n\t\t\t<div class=\"elementor-widget-wrap elementor-element-populated\">\n\t\t\t\t\t\t\t\t<div class=\"elementor-element elementor-element-ee7d70a aux-appear-watch-animation aux-fade-in-left-1 elementor-widget elementor-widget-aux_text\" data-id=\"ee7d70a\" data-element_type=\"widget\" data-widget_type=\"aux_text.default\">\n\t\t\t\t<div class=\"elementor-widget-container\">\n\t\t\t<section class=\"widget-container aux-widget-text aux-parent-au86f89ae2\">        <div class=\"aux-widget-advanced-text aux-wrap-style-simple aux-ico-pos-top aux-text-left aux-text-resp- aux-text-color-dark aux-text-widget-bg-center  \" >\n        \n                            <div class=\"aux-text-widget-header \"  >\n                        <div class=\"aux-ico-box aux-ico-large aux-ico-clear \">\n                                                                <svg xmlns=\"http:\/\/www.w3.org\/2000\/svg\" width=\"60.117\" height=\"56.719\" viewBox=\"0 0 60.117 56.719\">\n  <path d=\"M51.211-26.25q-1.172,0-1.172,1.289v22.5H37.5V-18.75h-15V-2.461H9.961V-26.25q0-1.289-1.172-1.289A1.139,1.139,0,0,0,7.5-26.25V0H24.961V-16.289H35.039V0H52.5V-24.961A1.139,1.139,0,0,0,51.211-26.25Zm8.438-2.109L30-56.719.352-28.359a1.146,1.146,0,0,0,0,1.758,1.146,1.146,0,0,0,1.758,0L30-53.32,57.891-26.6a1.124,1.124,0,0,0,.82.352,1.267,1.267,0,0,0,.938-.352A1.146,1.146,0,0,0,59.648-28.359ZM39.961-50.039h7.5v7.5A1.139,1.139,0,0,0,48.75-41.25a1.139,1.139,0,0,0,1.289-1.289V-52.5H39.961q-1.172,0-1.172,1.289A1.036,1.036,0,0,0,39.961-50.039Z\" transform=\"translate(0.059 56.719)\" fill=\"var(--e-global-color-primary)\" \/>\n<\/svg>                                                    <\/div>\n                <\/div>\n            \n            <div class=\"aux-text-inner aux-text-widget-content\">\n                                <h4 class=\"col-title\">Visite &amp; Prise de Mesures<\/h4>\n                                <div class=\"widget-content\">\n                                        <p align=\"left\">Notre \u00e9quipe d\u2019experts assure une visite dans vos espaces pour discuter des solutions propos\u00e9es et prendre les relev\u00e9s de mesures pr\u00e9cis\u2026 <\/p>                <\/div>\n                            <\/div>\n        <\/div>\n                    <div class=\"aux-text-widget-footer\">\n                <div class=\"aux-border-shape-none \">\n                                <\/div>\n            <\/div>\n        \n<\/section><!-- widget-container -->\t\t<\/div>\n\t\t\t\t<\/div>\n\t\t\t\t<div class=\"elementor-element elementor-element-f454c69 aux-appear-watch-animation aux-fade-in-left-1 elementor-widget elementor-widget-aux_text\" data-id=\"f454c69\" data-element_type=\"widget\" data-widget_type=\"aux_text.default\">\n\t\t\t\t<div class=\"elementor-widget-container\">\n\t\t\t<section class=\"widget-container aux-widget-text aux-parent-au0cc66f39\">        <div class=\"aux-widget-advanced-text aux-wrap-style-simple aux-ico-pos-top aux-text-left aux-text-resp- aux-text-color-dark aux-text-widget-bg-center  \" >\n        \n                            <div class=\"aux-text-widget-header \"  >\n                        <div class=\"aux-ico-box aux-ico-large aux-ico-shape-circle aux-ico-clear \">\n                                                            <span class=\"aux-ico auxicon auxicon-man-people-streamline-user\" > <\/span>\n                                                    <\/div>\n                <\/div>\n            \n            <div class=\"aux-text-inner aux-text-widget-content\">\n                                <h4 class=\"col-title\">SAV Continu<\/h4>\n                                <div class=\"widget-content\">\n                                        <p align=\"left\">Alu Solar s\u2019engage \u00e0 prendre en charge vos \u00e9ventuelles r\u00e9clamations, les traiter professionnellement et agir \u00e0 vos besoins d\u2019entretien\u2026<\/p>                <\/div>\n                            <\/div>\n        <\/div>\n                    <div class=\"aux-text-widget-footer\">\n                <div class=\"aux-border-shape-none \">\n                                <\/div>\n            <\/div>\n        \n<\/section><!-- widget-container -->\t\t<\/div>\n\t\t\t\t<\/div>\n\t\t\t\t\t<\/div>\n\t\t<\/div>\n\t\t\t\t<div class=\"aux-parallax-section elementor-column elementor-col-33 elementor-top-column elementor-element elementor-element-fd11c08\" data-id=\"fd11c08\" data-element_type=\"column\">\n\t\t\t<div class=\"elementor-widget-wrap elementor-element-populated\">\n\t\t\t\t\t\t\t\t<div class=\"elementor-element elementor-element-2389c7c aux-appear-watch-animation aux-fade-in-left-1 elementor-widget elementor-widget-aux_text\" data-id=\"2389c7c\" data-element_type=\"widget\" data-widget_type=\"aux_text.default\">\n\t\t\t\t<div class=\"elementor-widget-container\">\n\t\t\t<section class=\"widget-container aux-widget-text aux-parent-au317932bb\">        <div class=\"aux-widget-advanced-text aux-wrap-style-simple aux-ico-pos-top aux-text-left aux-text-resp- aux-text-color-dark aux-text-widget-bg-center  \" >\n        \n                            <div class=\"aux-text-widget-header \"  >\n                        <div class=\"aux-ico-box aux-ico-large aux-ico-clear \">\n                                                                <svg xmlns=\"http:\/\/www.w3.org\/2000\/svg\" width=\"47.461\" height=\"60\" viewBox=\"0 0 47.461 60\">\n  <path d=\"M53.789-60H36.211q-1.172,0-1.172,1.289V-1.289Q35.039,0,36.211,0H53.789q1.172,0,1.172-1.289V-58.711Q54.961-60,53.789-60ZM52.5-2.461h-15v-7.5h5.039v-2.578H37.5v-4.922h5.039v-2.578H37.5v-4.922h5.039v-2.578H37.5v-4.922h5.039v-2.578H37.5v-4.922h5.039v-2.578H37.5v-4.922h5.039v-2.578H37.5v-7.5h15ZM17.344-56.953a1.234,1.234,0,0,0-1.055-.469,1.234,1.234,0,0,0-1.055.469L7.734-45.7A1.8,1.8,0,0,0,7.5-45V-8.789A6.182,6.182,0,0,0,9.316-4.336a5.893,5.893,0,0,0,4.395,1.875H18.75a5.893,5.893,0,0,0,4.395-1.875,6.182,6.182,0,0,0,1.816-4.453V-45a1.632,1.632,0,0,0-.117-.7ZM16.289-40.43a5.027,5.027,0,0,0,1.172.938v22.031H15V-39.492A4.946,4.946,0,0,0,16.289-40.43Zm-3.75,22.969H9.961V-39.492a5.342,5.342,0,0,0,2.578.7ZM9.961-15H22.5v2.461H9.961Zm10.078-2.461V-38.789a4.332,4.332,0,0,0,2.461-.7v22.031Zm-3.75-36.562,1.758,2.813H14.414ZM9.961-44.648l2.813-4.1H19.8l2.7,4.1v.938a2.353,2.353,0,0,1-.762,1.7,2.353,2.353,0,0,1-1.7.762,2.48,2.48,0,0,1-1.816-.762,2.353,2.353,0,0,1-.762-1.7Q17.461-45,16.289-45A1.139,1.139,0,0,0,15-43.711a2.353,2.353,0,0,1-.762,1.7,2.353,2.353,0,0,1-1.7.762,2.48,2.48,0,0,1-1.816-.762,2.353,2.353,0,0,1-.762-1.7ZM18.75-5.039H13.711a3.6,3.6,0,0,1-2.637-1.113A3.6,3.6,0,0,1,9.961-8.789V-9.961H22.5v1.172a3.7,3.7,0,0,1-1.055,2.637A3.55,3.55,0,0,1,18.75-5.039Z\" transform=\"translate(-7.5 60)\" fill=\"var(--e-global-color-primary)\" \/>\n<\/svg>                                                    <\/div>\n                <\/div>\n            \n            <div class=\"aux-text-inner aux-text-widget-content\">\n                                <h4 class=\"col-title\">Devis Gratuit<\/h4>\n                                <div class=\"widget-content\">\n                                        <p align=\"left\">Alu Solar vous communique gratuitement les devis ad\u00e9quats \u00e0 vos projets d\u2019am\u00e9nagement\u2026<\/p>                <\/div>\n                            <\/div>\n        <\/div>\n                    <div class=\"aux-text-widget-footer\">\n                <div class=\"aux-border-shape-none \">\n                                <\/div>\n            <\/div>\n        \n<\/section><!-- widget-container -->\t\t<\/div>\n\t\t\t\t<\/div>\n\t\t\t\t<div class=\"elementor-element elementor-element-2ab535e aux-appear-watch-animation aux-fade-in-left-1 elementor-widget elementor-widget-aux_text\" data-id=\"2ab535e\" data-element_type=\"widget\" data-widget_type=\"aux_text.default\">\n\t\t\t\t<div class=\"elementor-widget-container\">\n\t\t\t<section class=\"widget-container aux-widget-text aux-parent-aufa57b2b2\">        <div class=\"aux-widget-advanced-text aux-wrap-style-simple aux-ico-pos-top aux-text-left aux-text-resp- aux-text-color-dark aux-text-widget-bg-center  \" >\n        \n                            <div class=\"aux-text-widget-header \"  >\n                        <div class=\"aux-ico-box aux-ico-large aux-ico-clear \">\n                                                                <svg xmlns=\"http:\/\/www.w3.org\/2000\/svg\" width=\"60\" height=\"60\" viewBox=\"0 0 60 60\">\n  <path d=\"M60-47.461V-60H47.461v5.039H12.539V-60H0v12.539H6.211v34.922H0V0H12.539V-5.039H47.461V0H60V-12.539H54.961V-47.461ZM50.039-57.539h7.5v7.5h-7.5Zm-47.578,0h7.5v7.5h-7.5Zm7.5,55.078h-7.5v-7.5h7.5Zm47.578,0h-7.5v-7.5h7.5ZM52.5-12.539H47.461V-7.5H12.539v-5.039H8.789V-47.461h3.75V-52.5H47.461v5.039H52.5Z\" transform=\"translate(0 60)\" fill=\"var(--e-global-color-primary)\" \/>\n<\/svg>                                                    <\/div>\n                <\/div>\n            \n            <div class=\"aux-text-inner aux-text-widget-content\">\n                                <h4 class=\"col-title\">Pose &amp; Installations<\/h4>\n                                <div class=\"widget-content\">\n                                        <p align=\"left\">Notre \u00e9quipe technique assure la pose et l\u2019installation de vos projets cl\u00e9s en main avec les meilleures \nfinitions conform\u00e9ment \u00e0 vos commandes\u2026<\/p>                <\/div>\n                            <\/div>\n        <\/div>\n                    <div class=\"aux-text-widget-footer\">\n                <div class=\"aux-border-shape-none \">\n                                <\/div>\n            <\/div>\n        \n<\/section><!-- widget-container -->\t\t<\/div>\n\t\t\t\t<\/div>\n\t\t\t\t\t<\/div>\n\t\t<\/div>\n\t\t\t\t\t\t\t<\/div>\n\t\t<\/section>\n\t\t\t\t<section class=\"elementor-section elementor-top-section elementor-element elementor-element-82d2aee elementor-section-boxed elementor-section-height-default elementor-section-height-default wpr-particle-no wpr-jarallax-no wpr-parallax-no wpr-sticky-section-no\" data-id=\"82d2aee\" data-element_type=\"section\" data-settings=\"{&quot;background_background&quot;:&quot;classic&quot;}\">\n\t\t\t\t\t\t\t<div class=\"elementor-background-overlay\"><\/div>\n\t\t\t\t\t\t\t<div class=\"elementor-container elementor-column-gap-no\">\n\t\t\t\t\t<div class=\"aux-parallax-section elementor-column elementor-col-100 elementor-top-column elementor-element elementor-element-bd6b08f\" data-id=\"bd6b08f\" data-element_type=\"column\">\n\t\t\t<div class=\"elementor-widget-wrap elementor-element-populated\">\n\t\t\t\t\t\t\t\t<div class=\"elementor-element elementor-element-e1f393b aux-appear-watch-animation aux-scale-up elementor-widget elementor-widget-aux_modern_heading\" data-id=\"e1f393b\" data-element_type=\"widget\" data-widget_type=\"aux_modern_heading.default\">\n\t\t\t\t<div class=\"elementor-widget-container\">\n\t\t\t<section class=\"aux-widget-modern-heading\">\n            <div class=\"aux-widget-inner\"><h2 class=\"aux-modern-heading-primary\">Concr\u00e9tisez vos id\u00e9es !<\/h2><h5 class=\"aux-modern-heading-secondary\"><span class=\"aux-head-highlight\">Partagez avec nous vos projets d\u2019am\u00e9nagement et profitez de notre savoir-faire\u2026<\/span><\/h5><\/div>\n        <\/section>\t\t<\/div>\n\t\t\t\t<\/div>\n\t\t\t\t<div class=\"elementor-element elementor-element-752a265 aux-appear-watch-animation aux-fade-in-up elementor-widget elementor-widget-aux_modern_button\" data-id=\"752a265\" data-element_type=\"widget\" data-widget_type=\"aux_modern_button.default\">\n\t\t\t\t<div class=\"elementor-widget-container\">\n\t\t\t    <div class=\"aux-modern-button-wrapper aux-modern-button-align-center\" >\n                    <a class=\"aux-modern-button aux-black aux-modern-button-md aux-modern-button-normal aux-modern-button-default aux-icon-\" href=\"https:\/\/www.alusolar.com.tn\/fr\/contact\/\">\n                <div class=\"aux-overlay\"><\/div>\n                                    <div class=\"aux-icon \">\n                                            <\/div>\n                                <div class=\"aux-text\">\n<span class=\"aux-text-before\">Contactez-nous<\/span>                <\/div>\n            <\/a>\n            \n    <\/div>\n\n    \t\t<\/div>\n\t\t\t\t<\/div>\n\t\t\t\t\t<\/div>\n\t\t<\/div>\n\t\t\t\t\t\t\t<\/div>\n\t\t<\/section>\n\t\t\t\t\t\t\t<\/div>\n\t\t","protected":false},"excerpt":{"rendered":"<p>Nos services Des Experts \u00e0 votre Service\u2026 Id\u00e9es &amp; Conseils Alu Solar met \u00e0 votre disposition une \u00e9quipe passionn\u00e9e afin de vous conseiller et trouver les solutions les plus adapt\u00e9es \u00e0 vos besoins\u2026 Produits personnalis\u00e9s &amp; Sur-Mesure Alu Solar s\u2019engage \u00e0 mettre \u00e0 votre disposition toute sa collection de produits haut de gamme avec des [&hellip;]<\/p>\n","protected":false},"author":1,"featured_media":0,"parent":0,"menu_order":0,"comment_status":"closed","ping_status":"closed","template":"templates\/page-builder-content.php","meta":{"footnotes":""},"class_list":["post-82","page","type-page","status-publish","hentry"],"yoast_head":"<!-- This site is optimized with the Yoast SEO plugin v21.9.1 - https:\/\/yoast.com\/wordpress\/plugins\/seo\/ -->\n<title>Menuiserie aluminium sur mesure en Tunisie | Alu Solar<\/title>\n<meta name=\"description\" content=\"Transformez votre espace avec Alu Solar, expert en menuiserie aluminium sur mesure en Tunisie. Des services personnalis\u00e9s pour un r\u00e9sultat parfait.\" \/>\n<meta name=\"robots\" content=\"index, follow, max-snippet:-1, max-image-preview:large, max-video-preview:-1\" \/>\n<link rel=\"canonical\" href=\"https:\/\/www.alusolar.com.tn\/fr\/services\/\" \/>\n<meta property=\"og:locale\" content=\"fr_FR\" \/>\n<meta property=\"og:type\" content=\"article\" \/>\n<meta property=\"og:title\" content=\"Menuiserie aluminium sur mesure en Tunisie | Alu Solar\" \/>\n<meta property=\"og:description\" content=\"Transformez votre espace avec Alu Solar, expert en menuiserie aluminium sur mesure en Tunisie. Des services personnalis\u00e9s pour un r\u00e9sultat parfait.\" \/>\n<meta property=\"og:url\" content=\"https:\/\/www.alusolar.com.tn\/services\/\" \/>\n<meta property=\"og:site_name\" content=\"Alu Solar Tunisie\" \/>\n<meta property=\"article:modified_time\" content=\"2025-06-24T10:47:08+00:00\" \/>\n<meta name=\"twitter:card\" content=\"summary_large_image\" \/>\n<meta name=\"twitter:label1\" content=\"Dur\u00e9e de lecture estim\u00e9e\" \/>\n\t<meta name=\"twitter:data1\" content=\"1 minute\" \/>\n<script type=\"application\/ld+json\" class=\"yoast-schema-graph\">{\"@context\":\"https:\/\/schema.org\",\"@graph\":[{\"@type\":\"WebPage\",\"@id\":\"https:\/\/www.alusolar.com.tn\/services\/\",\"url\":\"https:\/\/www.alusolar.com.tn\/services\/\",\"name\":\"Menuiserie aluminium sur mesure en Tunisie | Alu Solar\",\"isPartOf\":{\"@id\":\"https:\/\/www.alusolar.com.tn\/ar\/#website\"},\"datePublished\":\"2020-10-05T10:38:09+00:00\",\"dateModified\":\"2025-06-24T10:47:08+00:00\",\"description\":\"Transformez votre espace avec Alu Solar, expert en menuiserie aluminium sur mesure en Tunisie. Des services personnalis\u00e9s pour un r\u00e9sultat parfait.\",\"breadcrumb\":{\"@id\":\"https:\/\/www.alusolar.com.tn\/services\/#breadcrumb\"},\"inLanguage\":\"fr-FR\",\"potentialAction\":[{\"@type\":\"ReadAction\",\"target\":[\"https:\/\/www.alusolar.com.tn\/services\/\"]}]},{\"@type\":\"BreadcrumbList\",\"@id\":\"https:\/\/www.alusolar.com.tn\/services\/#breadcrumb\",\"itemListElement\":[{\"@type\":\"ListItem\",\"position\":1,\"name\":\"Accueil\",\"item\":\"https:\/\/www.alusolar.com.tn\/\"},{\"@type\":\"ListItem\",\"position\":2,\"name\":\"Services\"}]},{\"@type\":\"WebSite\",\"@id\":\"https:\/\/www.alusolar.com.tn\/ar\/#website\",\"url\":\"https:\/\/www.alusolar.com.tn\/ar\/\",\"name\":\"Alu Solar Tunisie\",\"description\":\"Cr\u00e9ateur de luxe\",\"publisher\":{\"@id\":\"https:\/\/www.alusolar.com.tn\/ar\/#organization\"},\"potentialAction\":[{\"@type\":\"SearchAction\",\"target\":{\"@type\":\"EntryPoint\",\"urlTemplate\":\"https:\/\/www.alusolar.com.tn\/ar\/?s={search_term_string}\"},\"query-input\":\"required name=search_term_string\"}],\"inLanguage\":\"fr-FR\"},{\"@type\":\"Organization\",\"@id\":\"https:\/\/www.alusolar.com.tn\/ar\/#organization\",\"name\":\"Alu Solar Tunisie\",\"url\":\"https:\/\/www.alusolar.com.tn\/ar\/\",\"logo\":{\"@type\":\"ImageObject\",\"inLanguage\":\"fr-FR\",\"@id\":\"https:\/\/www.alusolar.com.tn\/ar\/#\/schema\/logo\/image\/\",\"url\":\"https:\/\/www.alusolar.com.tn\/wp-content\/uploads\/2023\/12\/solar-svvg-01.svg\",\"contentUrl\":\"https:\/\/www.alusolar.com.tn\/wp-content\/uploads\/2023\/12\/solar-svvg-01.svg\",\"width\":232,\"height\":124,\"caption\":\"Alu Solar Tunisie\"},\"image\":{\"@id\":\"https:\/\/www.alusolar.com.tn\/ar\/#\/schema\/logo\/image\/\"}}]}<\/script>\n<!-- \/ Yoast SEO plugin. -->","yoast_head_json":{"title":"Menuiserie aluminium sur mesure en Tunisie | Alu Solar","description":"Transformez votre espace avec Alu Solar, expert en menuiserie aluminium sur mesure en Tunisie. Des services personnalis\u00e9s pour un r\u00e9sultat parfait.","robots":{"index":"index","follow":"follow","max-snippet":"max-snippet:-1","max-image-preview":"max-image-preview:large","max-video-preview":"max-video-preview:-1"},"canonical":"https:\/\/www.alusolar.com.tn\/fr\/services\/","og_locale":"fr_FR","og_type":"article","og_title":"Menuiserie aluminium sur mesure en Tunisie | Alu Solar","og_description":"Transformez votre espace avec Alu Solar, expert en menuiserie aluminium sur mesure en Tunisie. Des services personnalis\u00e9s pour un r\u00e9sultat parfait.","og_url":"https:\/\/www.alusolar.com.tn\/services\/","og_site_name":"Alu Solar Tunisie","article_modified_time":"2025-06-24T10:47:08+00:00","twitter_card":"summary_large_image","twitter_misc":{"Dur\u00e9e de lecture estim\u00e9e":"1 minute"},"schema":{"@context":"https:\/\/schema.org","@graph":[{"@type":"WebPage","@id":"https:\/\/www.alusolar.com.tn\/services\/","url":"https:\/\/www.alusolar.com.tn\/services\/","name":"Menuiserie aluminium sur mesure en Tunisie | Alu Solar","isPartOf":{"@id":"https:\/\/www.alusolar.com.tn\/ar\/#website"},"datePublished":"2020-10-05T10:38:09+00:00","dateModified":"2025-06-24T10:47:08+00:00","description":"Transformez votre espace avec Alu Solar, expert en menuiserie aluminium sur mesure en Tunisie. Des services personnalis\u00e9s pour un r\u00e9sultat parfait.","breadcrumb":{"@id":"https:\/\/www.alusolar.com.tn\/services\/#breadcrumb"},"inLanguage":"fr-FR","potentialAction":[{"@type":"ReadAction","target":["https:\/\/www.alusolar.com.tn\/services\/"]}]},{"@type":"BreadcrumbList","@id":"https:\/\/www.alusolar.com.tn\/services\/#breadcrumb","itemListElement":[{"@type":"ListItem","position":1,"name":"Accueil","item":"https:\/\/www.alusolar.com.tn\/"},{"@type":"ListItem","position":2,"name":"Services"}]},{"@type":"WebSite","@id":"https:\/\/www.alusolar.com.tn\/ar\/#website","url":"https:\/\/www.alusolar.com.tn\/ar\/","name":"Alu Solar Tunisie","description":"Cr\u00e9ateur de luxe","publisher":{"@id":"https:\/\/www.alusolar.com.tn\/ar\/#organization"},"potentialAction":[{"@type":"SearchAction","target":{"@type":"EntryPoint","urlTemplate":"https:\/\/www.alusolar.com.tn\/ar\/?s={search_term_string}"},"query-input":"required name=search_term_string"}],"inLanguage":"fr-FR"},{"@type":"Organization","@id":"https:\/\/www.alusolar.com.tn\/ar\/#organization","name":"Alu Solar Tunisie","url":"https:\/\/www.alusolar.com.tn\/ar\/","logo":{"@type":"ImageObject","inLanguage":"fr-FR","@id":"https:\/\/www.alusolar.com.tn\/ar\/#\/schema\/logo\/image\/","url":"https:\/\/www.alusolar.com.tn\/wp-content\/uploads\/2023\/12\/solar-svvg-01.svg","contentUrl":"https:\/\/www.alusolar.com.tn\/wp-content\/uploads\/2023\/12\/solar-svvg-01.svg","width":232,"height":124,"caption":"Alu Solar Tunisie"},"image":{"@id":"https:\/\/www.alusolar.com.tn\/ar\/#\/schema\/logo\/image\/"}}]}},"_links":{"self":[{"href":"https:\/\/www.alusolar.com.tn\/fr\/wp-json\/wp\/v2\/pages\/82","targetHints":{"allow":["GET"]}}],"collection":[{"href":"https:\/\/www.alusolar.com.tn\/fr\/wp-json\/wp\/v2\/pages"}],"about":[{"href":"https:\/\/www.alusolar.com.tn\/fr\/wp-json\/wp\/v2\/types\/page"}],"author":[{"embeddable":true,"href":"https:\/\/www.alusolar.com.tn\/fr\/wp-json\/wp\/v2\/users\/1"}],"replies":[{"embeddable":true,"href":"https:\/\/www.alusolar.com.tn\/fr\/wp-json\/wp\/v2\/comments?post=82"}],"version-history":[{"count":96,"href":"https:\/\/www.alusolar.com.tn\/fr\/wp-json\/wp\/v2\/pages\/82\/revisions"}],"predecessor-version":[{"id":8304,"href":"https:\/\/www.alusolar.com.tn\/fr\/wp-json\/wp\/v2\/pages\/82\/revisions\/8304"}],"wp:attachment":[{"href":"https:\/\/www.alusolar.com.tn\/fr\/wp-json\/wp\/v2\/media?parent=82"}],"curies":[{"name":"wp","href":"https:\/\/api.w.org\/{rel}","templated":true}]}}